{"id":2,"date":"2024-05-16T11:09:43","date_gmt":"2024-05-16T09:09:43","guid":{"rendered":"http:\/\/glf-partei.de\/?page_id=2"},"modified":"2024-07-01T10:10:12","modified_gmt":"2024-07-01T08:10:12","slug":"beispiel-seite","status":"publish","type":"page","link":"https:\/\/glf-partei.de\/","title":{"rendered":"GLF &#8211; die erste Partei f\u00fcr ein gutes Leben in Freizeit"},"content":{"rendered":"\n<figure class=\"wp-block-image size-large\"><img loading=\"lazy\" decoding=\"async\" width=\"1024\" height=\"514\" src=\"https:\/\/glf-partei.de\/wp-content\/uploads\/2024\/05\/GLF_Logo_V0_Gruen_Schatten-1024x514.png\" alt=\"\" class=\"wp-image-21\" srcset=\"https:\/\/glf-partei.de\/wp-content\/uploads\/2024\/05\/GLF_Logo_V0_Gruen_Schatten-1024x514.png 1024w, https:\/\/glf-partei.de\/wp-content\/uploads\/2024\/05\/GLF_Logo_V0_Gruen_Schatten-300x151.png 300w, https:\/\/glf-partei.de\/wp-content\/uploads\/2024\/05\/GLF_Logo_V0_Gruen_Schatten-768x385.png 768w, https:\/\/glf-partei.de\/wp-content\/uploads\/2024\/05\/GLF_Logo_V0_Gruen_Schatten.png 1178w\" sizes=\"auto, (max-width: 1024px) 100vw, 1024px\" \/><\/figure>\n\n\n\n<p>Die <strong>Partei f\u00fcr ein &#8222;Gutes Leben in Freizeit&#8220; <\/strong>(GLF) m\u00f6chte Deutschland durch Fortschritte in der Digitalisierung &#8211; Automatisierung, Robotik und k\u00fcnstliche Intelligenz &#8211; von bezahlter Erwerbsarbeit zunehmend &#8222;befreien&#8220;. Zur Sicherung des Wohlstandes streben wir dabei ein <strong>neues Gesellschaftsmodell<\/strong> an.<\/p>\n\n\n\n<blockquote class=\"wp-block-quote is-layout-flow wp-block-quote-is-layout-flow\">\n<p>&#8222;Deutschland soll zu einer <strong>Gesellschaft aus Teilhaber*innen <\/strong>werden. Jede B\u00fcrgerin und jeder B\u00fcrger soll vom eigenen, <strong>privaten Kapital<\/strong> leben k\u00f6nnen. Gegen Entgelt zu arbeiten, wird dann zu einer absolut freien Entscheidung, weil das<strong> nachhaltige Verm\u00f6gen <\/strong>zu einem guten Leben in Freiheit und Freizeit gen\u00fcgt.&#8220;<\/p>\n<cite>GLF-Parteiprogramm, Juni 2024 (Version 1.0)<\/cite><\/blockquote>\n\n\n\n<p>In diesem Sinne wollen wir mit kluger Politik <strong>finanzielle Freiheit f\u00fcr ALLE<\/strong> schaffen. Jeder Mensch soll unter anderem &#8211; weil es die individuelle Verm\u00f6genssituation erlaubt &#8211; nach Bedarf in den eigenen vier W\u00e4nden wohnen, auf seinem Land seine Nahrung anbauen sowie seinen Strom- und W\u00e4rmebedarf aus eigenen Erneuerbaren Energien decken k\u00f6nnen. Am wichtigsten jedoch: Jede B\u00fcrgerin und jeder B\u00fcrger soll einen so gro\u00dfen Anteil an einer vollautomatisierten und nachhaltigen Wirtschaft besitzen, dass ein beschwerdefreies Leben in Freizeit sowie im Einklang mit der Natur und dem Planeten m\u00f6glich wird.<\/p>\n\n\n\n<p>Das vorl\u00e4ufige <strong>Parteiprogramm<\/strong> schl\u00e4gt politische Ma\u00dfnahmen vor, mit denen Deutschland nach und nach zu einer solchen &#8222;Freizeitnation&#8220; werden kann. Doch nicht nur in Sachen Digitalisierung und Verm\u00f6gensbildung steht die Partei f\u00fcr Fortschritt. In allen Lebensbereichen streben wir richtungsweisende Verbesserungen an und stellen dabei das individuelle Wohlergehen in den Mittelpunkt. Das Programm kann unterhalb heruntergeladen werden.<\/p>\n\n\n\n<div data-wp-interactive=\"core\/file\" class=\"wp-block-file\"><object data-wp-bind--hidden=\"!state.hasPdfPreview\" hidden class=\"wp-block-file__embed\" data=\"https:\/\/glf-partei.de\/wp-content\/uploads\/2024\/06\/2024-06_GLF-Parteiprogramm-fuer-ein-gutes-Leben-in-Freizeit-3.pdf\" type=\"application\/pdf\" style=\"width:100%;height:600px\" aria-label=\"Einbettung von 2024-06_GLF-Parteiprogramm-fuer-ein-gutes-Leben-in-Freizeit.\"><\/object><a id=\"wp-block-file--media-326689cf-d62d-4422-97e5-32e629b0023a\" href=\"https:\/\/glf-partei.de\/wp-content\/uploads\/2024\/06\/2024-06_GLF-Parteiprogramm-fuer-ein-gutes-Leben-in-Freizeit-3.pdf\">2024-06_GLF-Parteiprogramm-fuer-ein-gutes-Leben-in-Freizeit<\/a><a href=\"https:\/\/glf-partei.de\/wp-content\/uploads\/2024\/06\/2024-06_GLF-Parteiprogramm-fuer-ein-gutes-Leben-in-Freizeit-3.pdf\" class=\"wp-block-file__button wp-element-button\" download aria-describedby=\"wp-block-file--media-326689cf-d62d-4422-97e5-32e629b0023a\">Herunterladen<\/a><\/div>\n\n\n\n<p>Die Partei befindet sich in der <strong>Gr\u00fcndungsphase<\/strong> (Stand: Juni 2024). Der Programmentwurf dient dabei als Vorschlag und Diskussionsgrundlage f\u00fcr interessierte Gr\u00fcndungsmitglieder. Wenn Du die Partei von Beginn an unterst\u00fctzen und sie mitgr\u00fcnden m\u00f6chtest, wende Dich bitte an <strong>info@glf-partei.de<\/strong>.<\/p>\n","protected":false},"excerpt":{"rendered":"<p>Die Partei f\u00fcr ein &#8222;Gutes Leben in Freizeit&#8220; (GLF) m\u00f6chte Deutschland durch Fortschritte in der Digitalisierung &#8211; Automatisierung, Robotik und k\u00fcnstliche Intelligenz &#8211; von bezahlter Erwerbsarbeit zunehmend &#8222;befreien&#8220;. Zur Sicherung des Wohlstandes streben wir dabei ein neues Gesellschaftsmodell an. &#8222;Deutschland soll zu einer Gesellschaft aus Teilhaber*innen werden. Jede B\u00fcrgerin und jeder B\u00fcrger soll vom eigenen, [&hellip;]<\/p>\n","protected":false},"author":1,"featured_media":0,"parent":0,"menu_order":0,"comment_status":"closed","ping_status":"open","template":"","meta":{"footnotes":""},"class_list":["post-2","page","type-page","status-publish","hentry"],"_links":{"self":[{"href":"https:\/\/glf-partei.de\/index.php?rest_route=\/wp\/v2\/pages\/2","targetHints":{"allow":["GET"]}}],"collection":[{"href":"https:\/\/glf-partei.de\/index.php?rest_route=\/wp\/v2\/pages"}],"about":[{"href":"https:\/\/glf-partei.de\/index.php?rest_route=\/wp\/v2\/types\/page"}],"author":[{"embeddable":true,"href":"https:\/\/glf-partei.de\/index.php?rest_route=\/wp\/v2\/users\/1"}],"replies":[{"embeddable":true,"href":"https:\/\/glf-partei.de\/index.php?rest_route=%2Fwp%2Fv2%2Fcomments&post=2"}],"version-history":[{"count":29,"href":"https:\/\/glf-partei.de\/index.php?rest_route=\/wp\/v2\/pages\/2\/revisions"}],"predecessor-version":[{"id":75,"href":"https:\/\/glf-partei.de\/index.php?rest_route=\/wp\/v2\/pages\/2\/revisions\/75"}],"wp:attachment":[{"href":"https:\/\/glf-partei.de\/index.php?rest_route=%2Fwp%2Fv2%2Fmedia&parent=2"}],"curies":[{"name":"wp","href":"https:\/\/api.w.org\/{rel}","templated":true}]}}